{"id":20807,"date":"2025-12-19T13:39:34","date_gmt":"2025-12-19T13:39:34","guid":{"rendered":"https:\/\/omenfoxtesting.nl\/?page_id=20807"},"modified":"2026-03-09T15:57:09","modified_gmt":"2026-03-09T15:57:09","slug":"open-sollicitatie","status":"publish","type":"page","link":"https:\/\/soilwise.nl\/es\/open-sollicitatie\/","title":{"rendered":"Solicitud abierta"},"content":{"rendered":"<div data-elementor-type=\"wp-page\" data-elementor-id=\"20807\" class=\"elementor elementor-20807\" data-elementor-post-type=\"page\">\n\t\t\t\t<div class=\"elementor-element elementor-element-439fe0b e-flex e-con-boxed e-con e-parent\" data-id=\"439fe0b\" data-element_type=\"container\" data-e-type=\"container\" data-settings=\"{&quot;background_background&quot;:&quot;classic&quot;}\">\n\t\t\t\t\t<div class=\"e-con-inner\">\n\t\t\t\t<div class=\"elementor-element elementor-element-36dbfeb elementor-widget elementor-widget-heading\" data-id=\"36dbfeb\" data-element_type=\"widget\" data-e-type=\"widget\" data-widget_type=\"heading.default\">\n\t\t\t\t<div class=\"elementor-widget-container\">\n\t\t\t\t\t<h2 class=\"elementor-heading-title elementor-size-default\">Convocatoria abierta<\/h2>\t\t\t\t<\/div>\n\t\t\t\t<\/div>\n\t\t\t\t\t<\/div>\n\t\t\t\t<\/div>\n\t\t<div class=\"elementor-element elementor-element-661a5a4 e-flex e-con-boxed e-con e-parent\" data-id=\"661a5a4\" data-element_type=\"container\" data-e-type=\"container\" data-settings=\"{&quot;background_background&quot;:&quot;classic&quot;}\">\n\t\t\t\t\t<div class=\"e-con-inner\">\n\t\t\t\t<div class=\"elementor-element elementor-element-bfb5619 elementor-widget elementor-widget-text-editor\" data-id=\"bfb5619\" data-element_type=\"widget\" data-e-type=\"widget\" data-widget_type=\"text-editor.default\">\n\t\t\t\t<div class=\"elementor-widget-container\">\n\t\t\t\t\t\t\t\t\t<p style=\"font-weight: 400;\"><strong>Convocatoria abierta <\/strong><\/p><p style=\"font-weight: 400;\"><strong>\u00bfQuieres colaborar en el desarrollo de soluciones ecol\u00f3gicas que marquen la diferencia a nivel mundial en lo que respecta a la salud del suelo?<\/strong><\/p><p style=\"font-weight: 400;\">\u00bfQuieres formar parte de un equipo innovador y din\u00e1mico que opera a nivel internacional y se dedica a desarrollar soluciones biol\u00f3gicas para la salud del suelo y el control de plantas invasoras en espacios verdes p\u00fablicos, as\u00ed como en la agricultura y la jardiner\u00eda? \u00a1Entonces Soilwise es el lugar ideal para ti!<\/p><p style=\"font-weight: 400;\"><strong>Acerca de Soilwise<\/strong><\/p><p style=\"font-weight: 400;\">Soilwise es una empresa innovadora dedicada a ofrecer soluciones biol\u00f3gicas para lograr un suelo sano y resistente en el sector agr\u00edcola y hort\u00edcola internacional. Adem\u00e1s, ofrecemos soluciones para el control biol\u00f3gico de plantas invasoras, como la knotweed japonesa, a una amplia gama de clientes del sector de los espacios verdes y las infraestructuras.<\/p><p style=\"font-weight: 400;\">Adem\u00e1s, contamos con otros productos en nuestro cat\u00e1logo y estamos trabajando en varios productos nuevos muy prometedores que se encuentran en fase de desarrollo.<\/p><p style=\"font-weight: 400;\">Para impulsar el crecimiento de nuestras actividades, buscamos constantemente personas motivadas que contribuyan a nuestra misi\u00f3n de hacer m\u00e1s sostenibles los espacios verdes p\u00fablicos y la agricultura y la horticultura a nivel mundial, y que crezcan junto a nosotros.<\/p><p style=\"font-weight: 400;\"><strong>\u00bfQu\u00e9 vas a hacer?<\/strong><\/p><p style=\"font-weight: 400;\">Depende de tu perfil, pero en Soilwise puedes trabajar, por ejemplo, como:<\/p><ul style=\"font-weight: 400;\"><li>Estudiante de \u00faltimo curso o becario (I+D, investigaci\u00f3n de mercado, IA, operaciones, etc.)<\/li><li>Estudiantes en pr\u00e1cticas<\/li><li>Trabajo a tiempo parcial para estudiantes de Comunicaci\u00f3n<\/li><li>Responsable operativo de proyectos de espacios verdes<\/li><li>Aprendiz de gesti\u00f3n<\/li><li>Sales &amp; Logistic Support<\/li><li>Business Developer \/ Sales<\/li><li>Investigadores en fitocultivo y biolog\u00eda del suelo<\/li><\/ul><p style=\"font-weight: 400;\"><strong>\u00bfQu\u00e9 esperamos de ti?<\/strong><\/p><p style=\"font-weight: 400;\">Encajar\u00e1s bien en Soilwise si:<\/p><ul style=\"font-weight: 400;\"><li>Tienes curiosidad, tomas la iniciativa y te gusta aprender<\/li><li>La energ\u00eda proviene de la innovaci\u00f3n, la experiencia pr\u00e1ctica y la colaboraci\u00f3n<\/li><li>Tienes s\u00f3lidos conocimientos y, al mismo tiempo, eres capaz de trabajar de forma pr\u00e1ctica<\/li><\/ul><p style=\"font-weight: 400;\"><strong>\u00bfQu\u00e9 te ofrecemos?<\/strong><\/p><ul><li>Un puesto vers\u00e1til y estimulante en una empresa en r\u00e1pida expansi\u00f3n que opera en un \u00e1mbito internacional.<\/li><li>Un equipo entusiasta y motivado cuya misi\u00f3n es contribuir a la b\u00fasqueda de soluciones sostenibles para la agricultura, la horticultura y los espacios verdes p\u00fablicos.<\/li><li>Ofrecemos un excelente salario, cuyo importe se determina en parte en funci\u00f3n de los conocimientos, la experiencia y el valor a\u00f1adido del candidato.<\/li><li>Dentro de la organizaci\u00f3n, tendr\u00e1s la oportunidad de seguir desarrollando tu funci\u00f3n y asumir nuevas responsabilidades.<\/li><li>Ofrecemos un excelente salario, cuyo importe se determina en parte en funci\u00f3n de los conocimientos, la experiencia y el valor a\u00f1adido del candidato.<\/li><li>25 d\u00edas libres en el marco de un contrato de trabajo a tiempo completo.<\/li><li>Un buen plan de pensiones.<\/li><\/ul><p style=\"font-weight: 400;\"><strong>\u00bfTe interesa? \u00a1Env\u00eda tu solicitud ahora mismo!<\/strong><\/p><p style=\"font-weight: 400;\">\u00bfEres la persona que buscamos y te gustar\u00eda trabajar en Soilwise? Env\u00eda tu solicitud, que debe incluir una carta de motivaci\u00f3n y tu CV, a <a href=\"mailto:ardreijtenbagh@soilwise.nl\">ardreijtenbagh@soilwise.nl<\/a>. Para obtener m\u00e1s informaci\u00f3n sobre nuestra empresa y los puestos vacantes, puedes ponerte en contacto con Ard Reijtenbagh (director general) en el +31-6-20442186. Consulta tambi\u00e9n <a href=\"https:\/\/soilwise.nl\/es\/\">www.soilwise.nl<\/a> para saber m\u00e1s sobre nosotros.<\/p>\t\t\t\t\t\t\t\t<\/div>\n\t\t\t\t<\/div>\n\t\t\t\t\t<\/div>\n\t\t\t\t<\/div>\n\t\t\t\t<\/div>","protected":false},"excerpt":{"rendered":"<p>Open SOllicitatie Open sollicitatie Wil jij meewerken aan biologische oplossingen die wereldwijd het verschil maken in bodemgezondheid? Wil je onderdeel zijn van een internationaal opererend innovatief dynamisch team dat zich richt op biologische oplossingen voor bodemgezondheid en bestrijding van invasieve planten in de openbare groene ruimte en de land- en tuinbouw? Dan is Soilwise de [&hellip;]<\/p>\n","protected":false},"author":1,"featured_media":0,"parent":0,"menu_order":0,"comment_status":"closed","ping_status":"closed","template":"","meta":{"footnotes":""},"class_list":["post-20807","page","type-page","status-publish","hentry"],"yoast_head":"<!-- This site is optimized with the Yoast SEO plugin v27.1.1 - https:\/\/yoast.com\/product\/yoast-seo-wordpress\/ -->\n<title>Open Sollicitatie - Soilwise<\/title>\n<meta name=\"robots\" content=\"index, follow, max-snippet:-1, max-image-preview:large, max-video-preview:-1\" \/>\n<link rel=\"canonical\" href=\"https:\/\/soilwise.nl\/es\/open-sollicitatie\/\" \/>\n<meta property=\"og:locale\" content=\"es_ES\" \/>\n<meta property=\"og:type\" content=\"article\" \/>\n<meta property=\"og:title\" content=\"Open Sollicitatie - Soilwise\" \/>\n<meta property=\"og:description\" content=\"Open SOllicitatie Open sollicitatie Wil jij meewerken aan biologische oplossingen die wereldwijd het verschil maken in bodemgezondheid? Wil je onderdeel zijn van een internationaal opererend innovatief dynamisch team dat zich richt op biologische oplossingen voor bodemgezondheid en bestrijding van invasieve planten in de openbare groene ruimte en de land- en tuinbouw? Dan is Soilwise de [&hellip;]\" \/>\n<meta property=\"og:url\" content=\"https:\/\/soilwise.nl\/es\/open-sollicitatie\/\" \/>\n<meta property=\"og:site_name\" content=\"Soilwise\" \/>\n<meta property=\"article:modified_time\" content=\"2026-03-09T15:57:09+00:00\" \/>\n<meta name=\"twitter:card\" content=\"summary_large_image\" \/>\n<meta name=\"twitter:label1\" content=\"Tiempo de lectura\" \/>\n\t<meta name=\"twitter:data1\" content=\"2 minutos\" \/>\n<script type=\"application\/ld+json\" class=\"yoast-schema-graph\">{\"@context\":\"https:\/\/schema.org\",\"@graph\":[{\"@type\":\"WebPage\",\"@id\":\"https:\/\/soilwise.nl\/open-sollicitatie\/\",\"url\":\"https:\/\/soilwise.nl\/open-sollicitatie\/\",\"name\":\"Open Sollicitatie - Soilwise\",\"isPartOf\":{\"@id\":\"https:\/\/soilwise.nl\/#website\"},\"datePublished\":\"2025-12-19T13:39:34+00:00\",\"dateModified\":\"2026-03-09T15:57:09+00:00\",\"breadcrumb\":{\"@id\":\"https:\/\/soilwise.nl\/open-sollicitatie\/#breadcrumb\"},\"inLanguage\":\"es\",\"potentialAction\":[{\"@type\":\"ReadAction\",\"target\":[\"https:\/\/soilwise.nl\/open-sollicitatie\/\"]}]},{\"@type\":\"BreadcrumbList\",\"@id\":\"https:\/\/soilwise.nl\/open-sollicitatie\/#breadcrumb\",\"itemListElement\":[{\"@type\":\"ListItem\",\"position\":1,\"name\":\"Home\",\"item\":\"https:\/\/soilwise.nl\/\"},{\"@type\":\"ListItem\",\"position\":2,\"name\":\"Open Sollicitatie\"}]},{\"@type\":\"WebSite\",\"@id\":\"https:\/\/soilwise.nl\/#website\",\"url\":\"https:\/\/soilwise.nl\/\",\"name\":\"Soilwise\",\"description\":\"All natural soil-borne solutions\",\"publisher\":{\"@id\":\"https:\/\/soilwise.nl\/#organization\"},\"potentialAction\":[{\"@type\":\"SearchAction\",\"target\":{\"@type\":\"EntryPoint\",\"urlTemplate\":\"https:\/\/soilwise.nl\/?s={search_term_string}\"},\"query-input\":{\"@type\":\"PropertyValueSpecification\",\"valueRequired\":true,\"valueName\":\"search_term_string\"}}],\"inLanguage\":\"es\"},{\"@type\":\"Organization\",\"@id\":\"https:\/\/soilwise.nl\/#organization\",\"name\":\"Soilwise\",\"url\":\"https:\/\/soilwise.nl\/\",\"logo\":{\"@type\":\"ImageObject\",\"inLanguage\":\"es\",\"@id\":\"https:\/\/soilwise.nl\/#\/schema\/logo\/image\/\",\"url\":\"https:\/\/soilwise.nl\/wp-content\/uploads\/2026\/03\/Soilwise_logo_horizontal_07382E.png\",\"contentUrl\":\"https:\/\/soilwise.nl\/wp-content\/uploads\/2026\/03\/Soilwise_logo_horizontal_07382E.png\",\"width\":1816,\"height\":617,\"caption\":\"Soilwise\"},\"image\":{\"@id\":\"https:\/\/soilwise.nl\/#\/schema\/logo\/image\/\"},\"sameAs\":[\"https:\/\/www.linkedin.com\/company\/soilwise\"]}]}<\/script>\n<!-- \/ Yoast SEO plugin. -->","yoast_head_json":{"title":"Open Sollicitatie - Soilwise","robots":{"index":"index","follow":"follow","max-snippet":"max-snippet:-1","max-image-preview":"max-image-preview:large","max-video-preview":"max-video-preview:-1"},"canonical":"https:\/\/soilwise.nl\/es\/open-sollicitatie\/","og_locale":"es_ES","og_type":"article","og_title":"Open Sollicitatie - Soilwise","og_description":"Open SOllicitatie Open sollicitatie Wil jij meewerken aan biologische oplossingen die wereldwijd het verschil maken in bodemgezondheid? Wil je onderdeel zijn van een internationaal opererend innovatief dynamisch team dat zich richt op biologische oplossingen voor bodemgezondheid en bestrijding van invasieve planten in de openbare groene ruimte en de land- en tuinbouw? Dan is Soilwise de [&hellip;]","og_url":"https:\/\/soilwise.nl\/es\/open-sollicitatie\/","og_site_name":"Soilwise","article_modified_time":"2026-03-09T15:57:09+00:00","twitter_card":"summary_large_image","twitter_misc":{"Tiempo de lectura":"2 minutos"},"schema":{"@context":"https:\/\/schema.org","@graph":[{"@type":"WebPage","@id":"https:\/\/soilwise.nl\/open-sollicitatie\/","url":"https:\/\/soilwise.nl\/open-sollicitatie\/","name":"Open Sollicitatie - Soilwise","isPartOf":{"@id":"https:\/\/soilwise.nl\/#website"},"datePublished":"2025-12-19T13:39:34+00:00","dateModified":"2026-03-09T15:57:09+00:00","breadcrumb":{"@id":"https:\/\/soilwise.nl\/open-sollicitatie\/#breadcrumb"},"inLanguage":"es","potentialAction":[{"@type":"ReadAction","target":["https:\/\/soilwise.nl\/open-sollicitatie\/"]}]},{"@type":"BreadcrumbList","@id":"https:\/\/soilwise.nl\/open-sollicitatie\/#breadcrumb","itemListElement":[{"@type":"ListItem","position":1,"name":"Home","item":"https:\/\/soilwise.nl\/"},{"@type":"ListItem","position":2,"name":"Open Sollicitatie"}]},{"@type":"WebSite","@id":"https:\/\/soilwise.nl\/#website","url":"https:\/\/soilwise.nl\/","name":"Soilwise","description":"All natural soil-borne solutions","publisher":{"@id":"https:\/\/soilwise.nl\/#organization"},"potentialAction":[{"@type":"SearchAction","target":{"@type":"EntryPoint","urlTemplate":"https:\/\/soilwise.nl\/?s={search_term_string}"},"query-input":{"@type":"PropertyValueSpecification","valueRequired":true,"valueName":"search_term_string"}}],"inLanguage":"es"},{"@type":"Organization","@id":"https:\/\/soilwise.nl\/#organization","name":"Soilwise","url":"https:\/\/soilwise.nl\/","logo":{"@type":"ImageObject","inLanguage":"es","@id":"https:\/\/soilwise.nl\/#\/schema\/logo\/image\/","url":"https:\/\/soilwise.nl\/wp-content\/uploads\/2026\/03\/Soilwise_logo_horizontal_07382E.png","contentUrl":"https:\/\/soilwise.nl\/wp-content\/uploads\/2026\/03\/Soilwise_logo_horizontal_07382E.png","width":1816,"height":617,"caption":"Soilwise"},"image":{"@id":"https:\/\/soilwise.nl\/#\/schema\/logo\/image\/"},"sameAs":["https:\/\/www.linkedin.com\/company\/soilwise"]}]}},"_links":{"self":[{"href":"https:\/\/soilwise.nl\/es\/wp-json\/wp\/v2\/pages\/20807","targetHints":{"allow":["GET"]}}],"collection":[{"href":"https:\/\/soilwise.nl\/es\/wp-json\/wp\/v2\/pages"}],"about":[{"href":"https:\/\/soilwise.nl\/es\/wp-json\/wp\/v2\/types\/page"}],"author":[{"embeddable":true,"href":"https:\/\/soilwise.nl\/es\/wp-json\/wp\/v2\/users\/1"}],"replies":[{"embeddable":true,"href":"https:\/\/soilwise.nl\/es\/wp-json\/wp\/v2\/comments?post=20807"}],"version-history":[{"count":20,"href":"https:\/\/soilwise.nl\/es\/wp-json\/wp\/v2\/pages\/20807\/revisions"}],"predecessor-version":[{"id":21163,"href":"https:\/\/soilwise.nl\/es\/wp-json\/wp\/v2\/pages\/20807\/revisions\/21163"}],"wp:attachment":[{"href":"https:\/\/soilwise.nl\/es\/wp-json\/wp\/v2\/media?parent=20807"}],"curies":[{"name":"wp","href":"https:\/\/api.w.org\/{rel}","templated":true}]}}