{"id":20807,"date":"2025-12-19T13:39:34","date_gmt":"2025-12-19T13:39:34","guid":{"rendered":"https:\/\/omenfoxtesting.nl\/?page_id=20807"},"modified":"2026-03-09T15:57:09","modified_gmt":"2026-03-09T15:57:09","slug":"open-sollicitatie","status":"publish","type":"page","link":"https:\/\/soilwise.nl\/de\/open-sollicitatie\/","title":{"rendered":"Initiativbewerbung"},"content":{"rendered":"<div data-elementor-type=\"wp-page\" data-elementor-id=\"20807\" class=\"elementor elementor-20807\" data-elementor-post-type=\"page\">\n\t\t\t\t<div class=\"elementor-element elementor-element-439fe0b e-flex e-con-boxed e-con e-parent\" data-id=\"439fe0b\" data-element_type=\"container\" data-e-type=\"container\" data-settings=\"{&quot;background_background&quot;:&quot;classic&quot;}\">\n\t\t\t\t\t<div class=\"e-con-inner\">\n\t\t\t\t<div class=\"elementor-element elementor-element-36dbfeb elementor-widget elementor-widget-heading\" data-id=\"36dbfeb\" data-element_type=\"widget\" data-e-type=\"widget\" data-widget_type=\"heading.default\">\n\t\t\t\t<div class=\"elementor-widget-container\">\n\t\t\t\t\t<h2 class=\"elementor-heading-title elementor-size-default\">Initiativbewerbung<\/h2>\t\t\t\t<\/div>\n\t\t\t\t<\/div>\n\t\t\t\t\t<\/div>\n\t\t\t\t<\/div>\n\t\t<div class=\"elementor-element elementor-element-661a5a4 e-flex e-con-boxed e-con e-parent\" data-id=\"661a5a4\" data-element_type=\"container\" data-e-type=\"container\" data-settings=\"{&quot;background_background&quot;:&quot;classic&quot;}\">\n\t\t\t\t\t<div class=\"e-con-inner\">\n\t\t\t\t<div class=\"elementor-element elementor-element-bfb5619 elementor-widget elementor-widget-text-editor\" data-id=\"bfb5619\" data-element_type=\"widget\" data-e-type=\"widget\" data-widget_type=\"text-editor.default\">\n\t\t\t\t<div class=\"elementor-widget-container\">\n\t\t\t\t\t\t\t\t\t<p style=\"font-weight: 400;\"><strong>Initiativbewerbung <\/strong><\/p><p style=\"font-weight: 400;\"><strong>M\u00f6chtest du an biologischen L\u00f6sungen mitwirken, die weltweit einen Unterschied f\u00fcr die Bodengesundheit bewirken?<\/strong><\/p><p style=\"font-weight: 400;\">M\u00f6chtest du Teil eines international t\u00e4tigen, innovativen und dynamischen Teams sein, das sich auf biologische L\u00f6sungen f\u00fcr die Bodengesundheit und die Bek\u00e4mpfung invasiver Pflanzen in \u00f6ffentlichen Gr\u00fcnanlagen sowie in der Landwirtschaft und im Gartenbau konzentriert? Dann ist Soilwise genau das Richtige f\u00fcr dich!<\/p><p style=\"font-weight: 400;\"><strong>\u00dcber Soilwise<\/strong><\/p><p style=\"font-weight: 400;\">Soilwise ist ein innovatives Unternehmen, das sich auf biologische L\u00f6sungen f\u00fcr einen gesunden und widerstandsf\u00e4higen Boden in der internationalen Landwirtschaft und im Gartenbau spezialisiert hat. Dar\u00fcber hinaus bieten wir L\u00f6sungen f\u00fcr die biologische Bek\u00e4mpfung invasiver Pflanzen, darunter der Japanische Staudenkn\u00f6terich, f\u00fcr eine Vielzahl von Auftraggebern im Bereich Gr\u00fcnfl\u00e4chen und Infrastruktur an.<\/p><p style=\"font-weight: 400;\">Dar\u00fcber hinaus f\u00fchren wir noch weitere Produkte in unserem Sortiment und arbeiten an einigen vielversprechenden neuen Produkten, die sich derzeit in der Entwicklung befinden.<\/p><p style=\"font-weight: 400;\">Um unser Gesch\u00e4ft weiter auszubauen, sind wir stets auf der Suche nach engagierten Menschen, die unsere Mission, \u00f6ffentliche Gr\u00fcnfl\u00e4chen sowie die weltweite Land- und Gartenwirtschaft nachhaltiger zu gestalten, mitgestalten und gemeinsam mit uns vorantreiben.<\/p><p style=\"font-weight: 400;\"><strong>Was wirst du tun?<\/strong><\/p><p style=\"font-weight: 400;\">Das h\u00e4ngt von deinem Profil ab, aber bei Soilwise kannst du zum Beispiel in folgenden Bereichen arbeiten:<\/p><ul style=\"font-weight: 400;\"><li>Absolvent oder Praktikant (F&amp;E, Marktforschung, KI, Betriebsabl\u00e4ufe usw.)<\/li><li>Werkstudierende<\/li><li>Nebenjob f\u00fcr Kommunikationsstudenten<\/li><li>Operativer Projektleiter f\u00fcr Gr\u00fcnfl\u00e4chen<\/li><li>Management-Trainee<\/li><li>Sales &amp; Logistic Support<\/li><li>Business Developer \/ Sales<\/li><li>Forscher im Bereich Pflanzenbau und Bodenbiologie<\/li><\/ul><p style=\"font-weight: 400;\"><strong>Was erwarten wir von dir?<\/strong><\/p><p style=\"font-weight: 400;\">Du passt gut zu Soilwise, wenn du:<\/p><ul style=\"font-weight: 400;\"><li>neugierig bist, Eigeninitiative zeigst und gerne lernst<\/li><li>Energie durch Innovation, Praxis und Zusammenarbeit<\/li><li>Sie verf\u00fcgen \u00fcber fundierte Fachkenntnisse und k\u00f6nnen gleichzeitig praxisorientiert arbeiten<\/li><\/ul><p style=\"font-weight: 400;\"><strong>Was bieten wir dir?<\/strong><\/p><ul><li>Eine vielseitige und anspruchsvolle Position in einem stark wachsenden Scale-up im internationalen Umfeld.<\/li><li>Ein enthusiastisches und engagiertes Team, dessen Ziel es ist, einen Beitrag zu nachhaltigen L\u00f6sungen f\u00fcr die Landwirtschaft, den Gartenbau und die \u00f6ffentlichen Gr\u00fcnfl\u00e4chen zu leisten.<\/li><li>Wir bieten ein attraktives Gehalt, dessen H\u00f6he unter anderem von den Kenntnissen, der Erfahrung und dem Mehrwert des Bewerbers abh\u00e4ngt.<\/li><li>Innerhalb des Unternehmens hast du die M\u00f6glichkeit, deine Rolle weiter auszubauen und neue Aufgaben zu \u00fcbernehmen.<\/li><li>Wir bieten ein attraktives Gehalt, dessen H\u00f6he unter anderem von den Kenntnissen, der Erfahrung und dem Mehrwert des Bewerbers abh\u00e4ngt.<\/li><li>25 Urlaubstage bei einer Vollzeitbesch\u00e4ftigung.<\/li><li>Eine gute Altersvorsorge.<\/li><\/ul><p style=\"font-weight: 400;\"><strong>Haben wir Ihr Interesse geweckt? Dann bewerben Sie sich gleich!<\/strong><\/p><p style=\"font-weight: 400;\">Bist du die oder der Richtige f\u00fcr uns und interessierst du dich f\u00fcr eine Stelle bei Soilwise? Dann sende uns deine Bewerbung mit Anschreiben und Lebenslauf an <a href=\"mailto:ardreijtenbagh@soilwise.nl\">ardreijtenbagh@soilwise.nl<\/a>. F\u00fcr weitere Informationen \u00fcber unser Unternehmen und offene Stellen wende dich bitte an Ard Reijtenbagh (Gesch\u00e4ftsf\u00fchrer) unter +31-6-20442186. Siehe auch <a href=\"https:\/\/soilwise.nl\/de\/\">www.soilwise.nl<\/a> um mehr \u00fcber uns zu erfahren.<\/p>\t\t\t\t\t\t\t\t<\/div>\n\t\t\t\t<\/div>\n\t\t\t\t\t<\/div>\n\t\t\t\t<\/div>\n\t\t\t\t<\/div>","protected":false},"excerpt":{"rendered":"<p>Open SOllicitatie Open sollicitatie Wil jij meewerken aan biologische oplossingen die wereldwijd het verschil maken in bodemgezondheid? Wil je onderdeel zijn van een internationaal opererend innovatief dynamisch team dat zich richt op biologische oplossingen voor bodemgezondheid en bestrijding van invasieve planten in de openbare groene ruimte en de land- en tuinbouw? Dan is Soilwise de [&hellip;]<\/p>\n","protected":false},"author":1,"featured_media":0,"parent":0,"menu_order":0,"comment_status":"closed","ping_status":"closed","template":"","meta":{"footnotes":""},"class_list":["post-20807","page","type-page","status-publish","hentry"],"yoast_head":"<!-- This site is optimized with the Yoast SEO plugin v27.1.1 - https:\/\/yoast.com\/product\/yoast-seo-wordpress\/ -->\n<title>Open Sollicitatie - Soilwise<\/title>\n<meta name=\"robots\" content=\"index, follow, max-snippet:-1, max-image-preview:large, max-video-preview:-1\" \/>\n<link rel=\"canonical\" href=\"https:\/\/soilwise.nl\/de\/open-sollicitatie\/\" \/>\n<meta property=\"og:locale\" content=\"de_DE\" \/>\n<meta property=\"og:type\" content=\"article\" \/>\n<meta property=\"og:title\" content=\"Open Sollicitatie - Soilwise\" \/>\n<meta property=\"og:description\" content=\"Open SOllicitatie Open sollicitatie Wil jij meewerken aan biologische oplossingen die wereldwijd het verschil maken in bodemgezondheid? Wil je onderdeel zijn van een internationaal opererend innovatief dynamisch team dat zich richt op biologische oplossingen voor bodemgezondheid en bestrijding van invasieve planten in de openbare groene ruimte en de land- en tuinbouw? Dan is Soilwise de [&hellip;]\" \/>\n<meta property=\"og:url\" content=\"https:\/\/soilwise.nl\/de\/open-sollicitatie\/\" \/>\n<meta property=\"og:site_name\" content=\"Soilwise\" \/>\n<meta property=\"article:modified_time\" content=\"2026-03-09T15:57:09+00:00\" \/>\n<meta name=\"twitter:card\" content=\"summary_large_image\" \/>\n<meta name=\"twitter:label1\" content=\"Gesch\u00e4tzte Lesezeit\" \/>\n\t<meta name=\"twitter:data1\" content=\"2\u00a0Minuten\" \/>\n<script type=\"application\/ld+json\" class=\"yoast-schema-graph\">{\"@context\":\"https:\/\/schema.org\",\"@graph\":[{\"@type\":\"WebPage\",\"@id\":\"https:\/\/soilwise.nl\/open-sollicitatie\/\",\"url\":\"https:\/\/soilwise.nl\/open-sollicitatie\/\",\"name\":\"Open Sollicitatie - Soilwise\",\"isPartOf\":{\"@id\":\"https:\/\/soilwise.nl\/#website\"},\"datePublished\":\"2025-12-19T13:39:34+00:00\",\"dateModified\":\"2026-03-09T15:57:09+00:00\",\"breadcrumb\":{\"@id\":\"https:\/\/soilwise.nl\/open-sollicitatie\/#breadcrumb\"},\"inLanguage\":\"de\",\"potentialAction\":[{\"@type\":\"ReadAction\",\"target\":[\"https:\/\/soilwise.nl\/open-sollicitatie\/\"]}]},{\"@type\":\"BreadcrumbList\",\"@id\":\"https:\/\/soilwise.nl\/open-sollicitatie\/#breadcrumb\",\"itemListElement\":[{\"@type\":\"ListItem\",\"position\":1,\"name\":\"Home\",\"item\":\"https:\/\/soilwise.nl\/\"},{\"@type\":\"ListItem\",\"position\":2,\"name\":\"Open Sollicitatie\"}]},{\"@type\":\"WebSite\",\"@id\":\"https:\/\/soilwise.nl\/#website\",\"url\":\"https:\/\/soilwise.nl\/\",\"name\":\"Soilwise\",\"description\":\"All natural soil-borne solutions\",\"publisher\":{\"@id\":\"https:\/\/soilwise.nl\/#organization\"},\"potentialAction\":[{\"@type\":\"SearchAction\",\"target\":{\"@type\":\"EntryPoint\",\"urlTemplate\":\"https:\/\/soilwise.nl\/?s={search_term_string}\"},\"query-input\":{\"@type\":\"PropertyValueSpecification\",\"valueRequired\":true,\"valueName\":\"search_term_string\"}}],\"inLanguage\":\"de\"},{\"@type\":\"Organization\",\"@id\":\"https:\/\/soilwise.nl\/#organization\",\"name\":\"Soilwise\",\"url\":\"https:\/\/soilwise.nl\/\",\"logo\":{\"@type\":\"ImageObject\",\"inLanguage\":\"de\",\"@id\":\"https:\/\/soilwise.nl\/#\/schema\/logo\/image\/\",\"url\":\"https:\/\/soilwise.nl\/wp-content\/uploads\/2026\/03\/Soilwise_logo_horizontal_07382E.png\",\"contentUrl\":\"https:\/\/soilwise.nl\/wp-content\/uploads\/2026\/03\/Soilwise_logo_horizontal_07382E.png\",\"width\":1816,\"height\":617,\"caption\":\"Soilwise\"},\"image\":{\"@id\":\"https:\/\/soilwise.nl\/#\/schema\/logo\/image\/\"},\"sameAs\":[\"https:\/\/www.linkedin.com\/company\/soilwise\"]}]}<\/script>\n<!-- \/ Yoast SEO plugin. -->","yoast_head_json":{"title":"Open Sollicitatie - Soilwise","robots":{"index":"index","follow":"follow","max-snippet":"max-snippet:-1","max-image-preview":"max-image-preview:large","max-video-preview":"max-video-preview:-1"},"canonical":"https:\/\/soilwise.nl\/de\/open-sollicitatie\/","og_locale":"de_DE","og_type":"article","og_title":"Open Sollicitatie - Soilwise","og_description":"Open SOllicitatie Open sollicitatie Wil jij meewerken aan biologische oplossingen die wereldwijd het verschil maken in bodemgezondheid? Wil je onderdeel zijn van een internationaal opererend innovatief dynamisch team dat zich richt op biologische oplossingen voor bodemgezondheid en bestrijding van invasieve planten in de openbare groene ruimte en de land- en tuinbouw? Dan is Soilwise de [&hellip;]","og_url":"https:\/\/soilwise.nl\/de\/open-sollicitatie\/","og_site_name":"Soilwise","article_modified_time":"2026-03-09T15:57:09+00:00","twitter_card":"summary_large_image","twitter_misc":{"Gesch\u00e4tzte Lesezeit":"2\u00a0Minuten"},"schema":{"@context":"https:\/\/schema.org","@graph":[{"@type":"WebPage","@id":"https:\/\/soilwise.nl\/open-sollicitatie\/","url":"https:\/\/soilwise.nl\/open-sollicitatie\/","name":"Open Sollicitatie - Soilwise","isPartOf":{"@id":"https:\/\/soilwise.nl\/#website"},"datePublished":"2025-12-19T13:39:34+00:00","dateModified":"2026-03-09T15:57:09+00:00","breadcrumb":{"@id":"https:\/\/soilwise.nl\/open-sollicitatie\/#breadcrumb"},"inLanguage":"de","potentialAction":[{"@type":"ReadAction","target":["https:\/\/soilwise.nl\/open-sollicitatie\/"]}]},{"@type":"BreadcrumbList","@id":"https:\/\/soilwise.nl\/open-sollicitatie\/#breadcrumb","itemListElement":[{"@type":"ListItem","position":1,"name":"Home","item":"https:\/\/soilwise.nl\/"},{"@type":"ListItem","position":2,"name":"Open Sollicitatie"}]},{"@type":"WebSite","@id":"https:\/\/soilwise.nl\/#website","url":"https:\/\/soilwise.nl\/","name":"Soilwise","description":"All natural soil-borne solutions","publisher":{"@id":"https:\/\/soilwise.nl\/#organization"},"potentialAction":[{"@type":"SearchAction","target":{"@type":"EntryPoint","urlTemplate":"https:\/\/soilwise.nl\/?s={search_term_string}"},"query-input":{"@type":"PropertyValueSpecification","valueRequired":true,"valueName":"search_term_string"}}],"inLanguage":"de"},{"@type":"Organization","@id":"https:\/\/soilwise.nl\/#organization","name":"Soilwise","url":"https:\/\/soilwise.nl\/","logo":{"@type":"ImageObject","inLanguage":"de","@id":"https:\/\/soilwise.nl\/#\/schema\/logo\/image\/","url":"https:\/\/soilwise.nl\/wp-content\/uploads\/2026\/03\/Soilwise_logo_horizontal_07382E.png","contentUrl":"https:\/\/soilwise.nl\/wp-content\/uploads\/2026\/03\/Soilwise_logo_horizontal_07382E.png","width":1816,"height":617,"caption":"Soilwise"},"image":{"@id":"https:\/\/soilwise.nl\/#\/schema\/logo\/image\/"},"sameAs":["https:\/\/www.linkedin.com\/company\/soilwise"]}]}},"_links":{"self":[{"href":"https:\/\/soilwise.nl\/de\/wp-json\/wp\/v2\/pages\/20807","targetHints":{"allow":["GET"]}}],"collection":[{"href":"https:\/\/soilwise.nl\/de\/wp-json\/wp\/v2\/pages"}],"about":[{"href":"https:\/\/soilwise.nl\/de\/wp-json\/wp\/v2\/types\/page"}],"author":[{"embeddable":true,"href":"https:\/\/soilwise.nl\/de\/wp-json\/wp\/v2\/users\/1"}],"replies":[{"embeddable":true,"href":"https:\/\/soilwise.nl\/de\/wp-json\/wp\/v2\/comments?post=20807"}],"version-history":[{"count":20,"href":"https:\/\/soilwise.nl\/de\/wp-json\/wp\/v2\/pages\/20807\/revisions"}],"predecessor-version":[{"id":21163,"href":"https:\/\/soilwise.nl\/de\/wp-json\/wp\/v2\/pages\/20807\/revisions\/21163"}],"wp:attachment":[{"href":"https:\/\/soilwise.nl\/de\/wp-json\/wp\/v2\/media?parent=20807"}],"curies":[{"name":"wp","href":"https:\/\/api.w.org\/{rel}","templated":true}]}}