{"id":20744,"date":"2025-12-19T00:56:27","date_gmt":"2025-12-19T00:56:27","guid":{"rendered":"https:\/\/omenfoxtesting.nl\/?page_id=20744"},"modified":"2026-03-09T15:53:05","modified_gmt":"2026-03-09T15:53:05","slug":"vacatures","status":"publish","type":"page","link":"https:\/\/soilwise.nl\/de\/vacatures\/","title":{"rendered":"Stellenangebote"},"content":{"rendered":"<div data-elementor-type=\"wp-page\" data-elementor-id=\"20744\" class=\"elementor elementor-20744\" data-elementor-post-type=\"page\">\n\t\t\t\t<div class=\"elementor-element elementor-element-439fe0b e-flex e-con-boxed e-con e-parent\" data-id=\"439fe0b\" data-element_type=\"container\" data-e-type=\"container\" data-settings=\"{&quot;background_background&quot;:&quot;classic&quot;}\">\n\t\t\t\t\t<div class=\"e-con-inner\">\n\t\t\t\t<div class=\"elementor-element elementor-element-36dbfeb elementor-widget elementor-widget-heading\" data-id=\"36dbfeb\" data-element_type=\"widget\" data-e-type=\"widget\" data-widget_type=\"heading.default\">\n\t\t\t\t<div class=\"elementor-widget-container\">\n\t\t\t\t\t<h2 class=\"elementor-heading-title elementor-size-default\">Stellenangebote<\/h2>\t\t\t\t<\/div>\n\t\t\t\t<\/div>\n\t\t\t\t\t<\/div>\n\t\t\t\t<\/div>\n\t\t<div class=\"elementor-element elementor-element-661a5a4 e-flex e-con-boxed e-con e-parent\" data-id=\"661a5a4\" data-element_type=\"container\" data-e-type=\"container\" data-settings=\"{&quot;background_background&quot;:&quot;classic&quot;}\">\n\t\t\t\t\t<div class=\"e-con-inner\">\n\t\t\t\t<div class=\"elementor-element elementor-element-bfb5619 elementor-widget elementor-widget-text-editor\" data-id=\"bfb5619\" data-element_type=\"widget\" data-e-type=\"widget\" data-widget_type=\"text-editor.default\">\n\t\t\t\t<div class=\"elementor-widget-container\">\n\t\t\t\t\t\t\t\t\t<p>Um unser Wachstum und unsere Projekte weiter voranzutreiben, suchen wir regelm\u00e4\u00dfig neue Kollegen. M\u00f6chtest du an Innovationen mit weltweiter Wirkung mitwirken? Entdecke unten unsere offenen Stellenangebote.<\/p>\t\t\t\t\t\t\t\t<\/div>\n\t\t\t\t<\/div>\n\t\t\t\t\t<\/div>\n\t\t\t\t<\/div>\n\t\t<div class=\"elementor-element elementor-element-cb3a888 e-grid e-con-boxed e-con e-parent\" data-id=\"cb3a888\" data-element_type=\"container\" data-e-type=\"container\">\n\t\t\t\t\t<div class=\"e-con-inner\">\n\t\t\t\t<div class=\"elementor-element elementor-element-5dd893a elementor-widget elementor-widget-theme-post-featured-image elementor-widget-image\" data-id=\"5dd893a\" data-element_type=\"widget\" data-e-type=\"widget\" data-widget_type=\"theme-post-featured-image.default\">\n\t\t\t\t<div class=\"elementor-widget-container\">\n\t\t\t\t\t\t\t\t\t\t\t\t\t\t\t\t<a href=\"https:\/\/soilwise.nl\/de\/open-sollicitatie\/\">\n\t\t\t\t\t\t\t<img decoding=\"async\" src=\"https:\/\/soilwise.nl\/wp-content\/uploads\/elementor\/thumbs\/gettyimages-1205476866-licensed-rgluwnh6sruq6vvhu51mcm27ko17oz53s5s4njola0.jpg\" title=\"gettyimages-1205476866-licensed\" alt=\"gettyimages-1205476866-licensed\" loading=\"lazy\" \/>\t\t\t\t\t\t\t\t<\/a>\n\t\t\t\t\t\t\t\t\t\t\t\t\t\t\t<\/div>\n\t\t\t\t<\/div>\n\t\t<div class=\"elementor-element elementor-element-ee8bc17 e-con-full e-flex e-con e-child\" data-id=\"ee8bc17\" data-element_type=\"container\" data-e-type=\"container\">\n\t\t\t\t<\/div>\n\t\t<div class=\"elementor-element elementor-element-2217dc7 e-con-full e-flex e-con e-child\" data-id=\"2217dc7\" data-element_type=\"container\" data-e-type=\"container\">\n\t\t\t\t<\/div>\n\t\t\t\t<div class=\"elementor-element elementor-element-8a36d51 elementor-widget elementor-widget-heading\" data-id=\"8a36d51\" data-element_type=\"widget\" data-e-type=\"widget\" data-widget_type=\"heading.default\">\n\t\t\t\t<div class=\"elementor-widget-container\">\n\t\t\t\t\t<p class=\"elementor-heading-title elementor-size-default\"><a href=\"https:\/\/soilwise.nl\/de\/open-sollicitatie\/\">\n\nInitiativbewerbung<\/a><\/p>\t\t\t\t<\/div>\n\t\t\t\t<\/div>\n\t\t\t\t\t<\/div>\n\t\t\t\t<\/div>\n\t\t\t\t<\/div>","protected":false},"excerpt":{"rendered":"<p>Vacatures Om onze groei en projecten verder te ondersteunen, zijn we regelmatig op zoek naar nieuwe collega\u2019s. Wil jij meewerken aan innovaties met een wereldwijde impact? Ontdek hieronder onze openstaande vacatures. Open Sollicitatie<\/p>","protected":false},"author":1,"featured_media":0,"parent":0,"menu_order":0,"comment_status":"closed","ping_status":"closed","template":"","meta":{"footnotes":""},"class_list":["post-20744","page","type-page","status-publish","hentry"],"yoast_head":"<!-- This site is optimized with the Yoast SEO plugin v27.1.1 - https:\/\/yoast.com\/product\/yoast-seo-wordpress\/ -->\n<title>Vacatures - Soilwise<\/title>\n<meta name=\"description\" content=\"Werken bij Soilwise? Help mee aan innovatieve oplossingen voor bodemgezondheid en de bestrijding van invasieve planten.\" \/>\n<meta name=\"robots\" content=\"index, follow, max-snippet:-1, max-image-preview:large, max-video-preview:-1\" \/>\n<link rel=\"canonical\" href=\"https:\/\/soilwise.nl\/de\/vacatures\/\" \/>\n<meta property=\"og:locale\" content=\"de_DE\" \/>\n<meta property=\"og:type\" content=\"article\" \/>\n<meta property=\"og:title\" content=\"Vacatures - Soilwise\" \/>\n<meta property=\"og:description\" content=\"Werken bij Soilwise? Help mee aan innovatieve oplossingen voor bodemgezondheid en de bestrijding van invasieve planten.\" \/>\n<meta property=\"og:url\" content=\"https:\/\/soilwise.nl\/de\/vacatures\/\" \/>\n<meta property=\"og:site_name\" content=\"Soilwise\" \/>\n<meta property=\"article:modified_time\" content=\"2026-03-09T15:53:05+00:00\" \/>\n<meta name=\"twitter:card\" content=\"summary_large_image\" \/>\n<meta name=\"twitter:label1\" content=\"Gesch\u00e4tzte Lesezeit\" \/>\n\t<meta name=\"twitter:data1\" content=\"1\u00a0Minute\" \/>\n<script type=\"application\/ld+json\" class=\"yoast-schema-graph\">{\"@context\":\"https:\/\/schema.org\",\"@graph\":[{\"@type\":\"WebPage\",\"@id\":\"https:\/\/soilwise.nl\/vacatures\/\",\"url\":\"https:\/\/soilwise.nl\/vacatures\/\",\"name\":\"Vacatures - Soilwise\",\"isPartOf\":{\"@id\":\"https:\/\/soilwise.nl\/#website\"},\"datePublished\":\"2025-12-19T00:56:27+00:00\",\"dateModified\":\"2026-03-09T15:53:05+00:00\",\"description\":\"Werken bij Soilwise? Help mee aan innovatieve oplossingen voor bodemgezondheid en de bestrijding van invasieve planten.\",\"breadcrumb\":{\"@id\":\"https:\/\/soilwise.nl\/vacatures\/#breadcrumb\"},\"inLanguage\":\"de\",\"potentialAction\":[{\"@type\":\"ReadAction\",\"target\":[\"https:\/\/soilwise.nl\/vacatures\/\"]}]},{\"@type\":\"BreadcrumbList\",\"@id\":\"https:\/\/soilwise.nl\/vacatures\/#breadcrumb\",\"itemListElement\":[{\"@type\":\"ListItem\",\"position\":1,\"name\":\"Home\",\"item\":\"https:\/\/soilwise.nl\/\"},{\"@type\":\"ListItem\",\"position\":2,\"name\":\"Vacatures\"}]},{\"@type\":\"WebSite\",\"@id\":\"https:\/\/soilwise.nl\/#website\",\"url\":\"https:\/\/soilwise.nl\/\",\"name\":\"Soilwise\",\"description\":\"All natural soil-borne solutions\",\"publisher\":{\"@id\":\"https:\/\/soilwise.nl\/#organization\"},\"potentialAction\":[{\"@type\":\"SearchAction\",\"target\":{\"@type\":\"EntryPoint\",\"urlTemplate\":\"https:\/\/soilwise.nl\/?s={search_term_string}\"},\"query-input\":{\"@type\":\"PropertyValueSpecification\",\"valueRequired\":true,\"valueName\":\"search_term_string\"}}],\"inLanguage\":\"de\"},{\"@type\":\"Organization\",\"@id\":\"https:\/\/soilwise.nl\/#organization\",\"name\":\"Soilwise\",\"url\":\"https:\/\/soilwise.nl\/\",\"logo\":{\"@type\":\"ImageObject\",\"inLanguage\":\"de\",\"@id\":\"https:\/\/soilwise.nl\/#\/schema\/logo\/image\/\",\"url\":\"https:\/\/soilwise.nl\/wp-content\/uploads\/2026\/03\/Soilwise_logo_horizontal_07382E.png\",\"contentUrl\":\"https:\/\/soilwise.nl\/wp-content\/uploads\/2026\/03\/Soilwise_logo_horizontal_07382E.png\",\"width\":1816,\"height\":617,\"caption\":\"Soilwise\"},\"image\":{\"@id\":\"https:\/\/soilwise.nl\/#\/schema\/logo\/image\/\"},\"sameAs\":[\"https:\/\/www.linkedin.com\/company\/soilwise\"]}]}<\/script>\n<!-- \/ Yoast SEO plugin. -->","yoast_head_json":{"title":"Vacatures - Soilwise","description":"Werken bij Soilwise? Help mee aan innovatieve oplossingen voor bodemgezondheid en de bestrijding van invasieve planten.","robots":{"index":"index","follow":"follow","max-snippet":"max-snippet:-1","max-image-preview":"max-image-preview:large","max-video-preview":"max-video-preview:-1"},"canonical":"https:\/\/soilwise.nl\/de\/vacatures\/","og_locale":"de_DE","og_type":"article","og_title":"Vacatures - Soilwise","og_description":"Werken bij Soilwise? Help mee aan innovatieve oplossingen voor bodemgezondheid en de bestrijding van invasieve planten.","og_url":"https:\/\/soilwise.nl\/de\/vacatures\/","og_site_name":"Soilwise","article_modified_time":"2026-03-09T15:53:05+00:00","twitter_card":"summary_large_image","twitter_misc":{"Gesch\u00e4tzte Lesezeit":"1\u00a0Minute"},"schema":{"@context":"https:\/\/schema.org","@graph":[{"@type":"WebPage","@id":"https:\/\/soilwise.nl\/vacatures\/","url":"https:\/\/soilwise.nl\/vacatures\/","name":"Vacatures - Soilwise","isPartOf":{"@id":"https:\/\/soilwise.nl\/#website"},"datePublished":"2025-12-19T00:56:27+00:00","dateModified":"2026-03-09T15:53:05+00:00","description":"Werken bij Soilwise? Help mee aan innovatieve oplossingen voor bodemgezondheid en de bestrijding van invasieve planten.","breadcrumb":{"@id":"https:\/\/soilwise.nl\/vacatures\/#breadcrumb"},"inLanguage":"de","potentialAction":[{"@type":"ReadAction","target":["https:\/\/soilwise.nl\/vacatures\/"]}]},{"@type":"BreadcrumbList","@id":"https:\/\/soilwise.nl\/vacatures\/#breadcrumb","itemListElement":[{"@type":"ListItem","position":1,"name":"Home","item":"https:\/\/soilwise.nl\/"},{"@type":"ListItem","position":2,"name":"Vacatures"}]},{"@type":"WebSite","@id":"https:\/\/soilwise.nl\/#website","url":"https:\/\/soilwise.nl\/","name":"Soilwise","description":"All natural soil-borne solutions","publisher":{"@id":"https:\/\/soilwise.nl\/#organization"},"potentialAction":[{"@type":"SearchAction","target":{"@type":"EntryPoint","urlTemplate":"https:\/\/soilwise.nl\/?s={search_term_string}"},"query-input":{"@type":"PropertyValueSpecification","valueRequired":true,"valueName":"search_term_string"}}],"inLanguage":"de"},{"@type":"Organization","@id":"https:\/\/soilwise.nl\/#organization","name":"Soilwise","url":"https:\/\/soilwise.nl\/","logo":{"@type":"ImageObject","inLanguage":"de","@id":"https:\/\/soilwise.nl\/#\/schema\/logo\/image\/","url":"https:\/\/soilwise.nl\/wp-content\/uploads\/2026\/03\/Soilwise_logo_horizontal_07382E.png","contentUrl":"https:\/\/soilwise.nl\/wp-content\/uploads\/2026\/03\/Soilwise_logo_horizontal_07382E.png","width":1816,"height":617,"caption":"Soilwise"},"image":{"@id":"https:\/\/soilwise.nl\/#\/schema\/logo\/image\/"},"sameAs":["https:\/\/www.linkedin.com\/company\/soilwise"]}]}},"_links":{"self":[{"href":"https:\/\/soilwise.nl\/de\/wp-json\/wp\/v2\/pages\/20744","targetHints":{"allow":["GET"]}}],"collection":[{"href":"https:\/\/soilwise.nl\/de\/wp-json\/wp\/v2\/pages"}],"about":[{"href":"https:\/\/soilwise.nl\/de\/wp-json\/wp\/v2\/types\/page"}],"author":[{"embeddable":true,"href":"https:\/\/soilwise.nl\/de\/wp-json\/wp\/v2\/users\/1"}],"replies":[{"embeddable":true,"href":"https:\/\/soilwise.nl\/de\/wp-json\/wp\/v2\/comments?post=20744"}],"version-history":[{"count":58,"href":"https:\/\/soilwise.nl\/de\/wp-json\/wp\/v2\/pages\/20744\/revisions"}],"predecessor-version":[{"id":21097,"href":"https:\/\/soilwise.nl\/de\/wp-json\/wp\/v2\/pages\/20744\/revisions\/21097"}],"wp:attachment":[{"href":"https:\/\/soilwise.nl\/de\/wp-json\/wp\/v2\/media?parent=20744"}],"curies":[{"name":"wp","href":"https:\/\/api.w.org\/{rel}","templated":true}]}}